{"id":1425,"date":"2022-10-20T08:35:02","date_gmt":"2022-10-20T06:35:02","guid":{"rendered":"https:\/\/www.horse-realty.com\/post-your-ads\/"},"modified":"2022-11-28T09:28:33","modified_gmt":"2022-11-28T08:28:33","slug":"post-your-ads","status":"publish","type":"page","link":"https:\/\/www.horse-realty.com\/en\/post-your-ads\/","title":{"rendered":"Post your ad"},"content":{"rendered":"<div class=\"rtcl\"><div class=\"rtcl rtcl-login-form-wrap\" >\n\n        <form class=\"rtcl-form rtcl-login-form\" method=\"post\">\n\n        \n        \n        <div class=\"form-group\">\n            <label for=\"rtcl-user-login\" class=\"control-label\">Username or E-mail<\/label>\n            <input type=\"text\" name=\"username\" autocomplete=\"username\"\n                   value=\"\"\n                   id=\"rtcl-user-login\" class=\"form-control\" required\/>\n        <\/div>\n\n        <div class=\"form-group\">\n            <label for=\"rtcl-user-pass\" class=\"control-label\">\n                Password            <\/label>\n            <input type=\"password\" name=\"password\" id=\"rtcl-user-pass\" autocomplete=\"current-password\"\n                   class=\"form-control\" required\/>\n        <\/div>\n\n        \n\t\t<div class=\"form-group\">\n\t\t\t<div id=\"rtcl-login-g-recaptcha\" class=\"mb-2\"><\/div>\n\t\t\t<div id=\"rtcl-login-g-recaptcha-message\"><\/div>\n\t\t<\/div>\n\t\t\n        <div class=\"form-group d-flex align-items-center\">\n            <button type=\"submit\" name=\"rtcl-login\" class=\"btn btn-primary\" value=\"login\">\n                Login            <\/button>\n            <div class=\"form-check\">\n                <input type=\"checkbox\" name=\"rememberme\" id=\"rtcl-rememberme\" value=\"forever\">\n                <label class=\"form-check-label\" for=\"rtcl-rememberme\">\n                    Remember Me                <\/label>\n            <\/div>\n        <\/div>\n\n        <div class=\"form-group\">\n            <p class=\"rtcl-forgot-password\">\n                                    <a href=\"https:\/\/www.horse-realty.com\/en\/my-account\/\">Register<\/a><span>|<\/span>\n                                <a href=\"https:\/\/www.horse-realty.com\/en\/my-account\/reinitialiser-mot-de-passe\/\">Forgot your password?<\/a>\n\n            <\/p>\n        <\/div>\n        <input type=\"hidden\" id=\"rtcl-login-nonce\" name=\"rtcl-login-nonce\" value=\"549175bd87\" \/><input type=\"hidden\" name=\"_wp_http_referer\" value=\"\/en\/wp-json\/wp\/v2\/pages\/1425\" \/><input type=\"hidden\" name=\"redirect_to\" value=\"https:\/\/www.horse-realty.com\/en\/wp-json\/wp\/v2\/pages\/1425\" \/>\n    <\/form>\n<\/div>\n<\/div>\n\n","protected":false},"excerpt":{"rendered":"","protected":false},"author":1,"featured_media":0,"parent":0,"menu_order":0,"comment_status":"closed","ping_status":"closed","template":"","meta":{"_rtcl_gb_attr":""},"yoast_head":"<!-- This site is optimized with the Yoast SEO plugin v19.11 - https:\/\/yoast.com\/wordpress\/plugins\/seo\/ -->\n<title>Post your ad - Horse Realty<\/title>\n<meta name=\"robots\" content=\"index, follow, max-snippet:-1, max-image-preview:large, max-video-preview:-1\" \/>\n<link rel=\"canonical\" href=\"https:\/\/www.horse-realty.com\/en\/post-your-ads\/\" \/>\n<meta property=\"og:locale\" content=\"en_US\" \/>\n<meta property=\"og:type\" content=\"article\" \/>\n<meta property=\"og:title\" content=\"Post your ad - Horse Realty\" \/>\n<meta property=\"og:url\" content=\"https:\/\/www.horse-realty.com\/en\/post-your-ads\/\" \/>\n<meta property=\"og:site_name\" content=\"Horse Realty\" \/>\n<meta property=\"article:modified_time\" content=\"2022-11-28T08:28:33+00:00\" \/>\n<meta name=\"twitter:card\" content=\"summary_large_image\" \/>\n<script type=\"application\/ld+json\" class=\"yoast-schema-graph\">{\"@context\":\"https:\/\/schema.org\",\"@graph\":[{\"@type\":\"WebPage\",\"@id\":\"https:\/\/www.horse-realty.com\/en\/post-your-ads\/\",\"url\":\"https:\/\/www.horse-realty.com\/en\/post-your-ads\/\",\"name\":\"Post your ad - Horse Realty\",\"isPartOf\":{\"@id\":\"https:\/\/www.horse-realty.com\/#website\"},\"datePublished\":\"2022-10-20T06:35:02+00:00\",\"dateModified\":\"2022-11-28T08:28:33+00:00\",\"breadcrumb\":{\"@id\":\"https:\/\/www.horse-realty.com\/en\/post-your-ads\/#breadcrumb\"},\"inLanguage\":\"en-US\",\"potentialAction\":[{\"@type\":\"ReadAction\",\"target\":[\"https:\/\/www.horse-realty.com\/en\/post-your-ads\/\"]}]},{\"@type\":\"BreadcrumbList\",\"@id\":\"https:\/\/www.horse-realty.com\/en\/post-your-ads\/#breadcrumb\",\"itemListElement\":[{\"@type\":\"ListItem\",\"position\":1,\"name\":\"Accueil\",\"item\":\"https:\/\/www.horse-realty.com\/accueil\/\"},{\"@type\":\"ListItem\",\"position\":2,\"name\":\"Post your ad\"}]},{\"@type\":\"WebSite\",\"@id\":\"https:\/\/www.horse-realty.com\/#website\",\"url\":\"https:\/\/www.horse-realty.com\/\",\"name\":\"Horse Realty\",\"description\":\"Annonces propri\u00e9t\u00e9s \u00e9questres\",\"potentialAction\":[{\"@type\":\"SearchAction\",\"target\":{\"@type\":\"EntryPoint\",\"urlTemplate\":\"https:\/\/www.horse-realty.com\/?s={search_term_string}\"},\"query-input\":\"required name=search_term_string\"}],\"inLanguage\":\"en-US\"}]}<\/script>\n<!-- \/ Yoast SEO plugin. -->","yoast_head_json":{"title":"Post your ad - Horse Realty","robots":{"index":"index","follow":"follow","max-snippet":"max-snippet:-1","max-image-preview":"max-image-preview:large","max-video-preview":"max-video-preview:-1"},"canonical":"https:\/\/www.horse-realty.com\/en\/post-your-ads\/","og_locale":"en_US","og_type":"article","og_title":"Post your ad - Horse Realty","og_url":"https:\/\/www.horse-realty.com\/en\/post-your-ads\/","og_site_name":"Horse Realty","article_modified_time":"2022-11-28T08:28:33+00:00","twitter_card":"summary_large_image","schema":{"@context":"https:\/\/schema.org","@graph":[{"@type":"WebPage","@id":"https:\/\/www.horse-realty.com\/en\/post-your-ads\/","url":"https:\/\/www.horse-realty.com\/en\/post-your-ads\/","name":"Post your ad - Horse Realty","isPartOf":{"@id":"https:\/\/www.horse-realty.com\/#website"},"datePublished":"2022-10-20T06:35:02+00:00","dateModified":"2022-11-28T08:28:33+00:00","breadcrumb":{"@id":"https:\/\/www.horse-realty.com\/en\/post-your-ads\/#breadcrumb"},"inLanguage":"en-US","potentialAction":[{"@type":"ReadAction","target":["https:\/\/www.horse-realty.com\/en\/post-your-ads\/"]}]},{"@type":"BreadcrumbList","@id":"https:\/\/www.horse-realty.com\/en\/post-your-ads\/#breadcrumb","itemListElement":[{"@type":"ListItem","position":1,"name":"Accueil","item":"https:\/\/www.horse-realty.com\/accueil\/"},{"@type":"ListItem","position":2,"name":"Post your ad"}]},{"@type":"WebSite","@id":"https:\/\/www.horse-realty.com\/#website","url":"https:\/\/www.horse-realty.com\/","name":"Horse Realty","description":"Annonces propri\u00e9t\u00e9s \u00e9questres","potentialAction":[{"@type":"SearchAction","target":{"@type":"EntryPoint","urlTemplate":"https:\/\/www.horse-realty.com\/?s={search_term_string}"},"query-input":"required name=search_term_string"}],"inLanguage":"en-US"}]}},"_links":{"self":[{"href":"https:\/\/www.horse-realty.com\/en\/wp-json\/wp\/v2\/pages\/1425"}],"collection":[{"href":"https:\/\/www.horse-realty.com\/en\/wp-json\/wp\/v2\/pages"}],"about":[{"href":"https:\/\/www.horse-realty.com\/en\/wp-json\/wp\/v2\/types\/page"}],"author":[{"embeddable":true,"href":"https:\/\/www.horse-realty.com\/en\/wp-json\/wp\/v2\/users\/1"}],"replies":[{"embeddable":true,"href":"https:\/\/www.horse-realty.com\/en\/wp-json\/wp\/v2\/comments?post=1425"}],"version-history":[{"count":0,"href":"https:\/\/www.horse-realty.com\/en\/wp-json\/wp\/v2\/pages\/1425\/revisions"}],"wp:attachment":[{"href":"https:\/\/www.horse-realty.com\/en\/wp-json\/wp\/v2\/media?parent=1425"}],"curies":[{"name":"wp","href":"https:\/\/api.w.org\/{rel}","templated":true}]}}