{"id":1428,"date":"2022-10-20T08:35:02","date_gmt":"2022-10-20T06:35:02","guid":{"rendered":"https:\/\/www.horse-realty.com\/my-account\/"},"modified":"2022-10-20T08:35:02","modified_gmt":"2022-10-20T06:35:02","slug":"my-account","status":"publish","type":"page","link":"https:\/\/www.horse-realty.com\/en\/my-account\/","title":{"rendered":"My account"},"content":{"rendered":"<div class=\"rtcl\"><div class=\"row\" id=\"rtcl-user-login-wrapper\">\n    <div class=\"col-md-6 rtcl-login-form-wrap\">\n        <h2>Login<\/h2>\n        <form id=\"rtcl-login-form\" class=\"form-horizontal\" method=\"post\">\n\t\t\t            <div class=\"form-group\">\n                <label for=\"rtcl-user-login\" class=\"control-label\">\n\t\t\t\t\tUsername or E-mail                    <strong class=\"rtcl-required\">*<\/strong>\n                <\/label>\n                <input type=\"text\" name=\"username\" autocomplete=\"username\"\n                       value=\"\"\n                       id=\"rtcl-user-login\" class=\"form-control\" required\/>\n            <\/div>\n\n            <div class=\"form-group\">\n                <label for=\"rtcl-user-pass\" class=\"control-label\">\n\t\t\t\t\tPassword                    <strong class=\"rtcl-required\">*<\/strong>\n                <\/label>\n                <input type=\"password\" name=\"password\" id=\"rtcl-user-pass\" autocomplete=\"current-password\"\n                       class=\"form-control\" required\/>\n            <\/div>\n\n\t\t\t\n            <div class=\"form-group\">\n                <div id=\"rtcl-login-g-recaptcha\" class=\"mb-2\"><\/div>\n                <div id=\"rtcl-login-g-recaptcha-message\"><\/div>\n            <\/div>\n\n            <div class=\"form-group d-flex align-items-center\">\n\n                <button type=\"submit\" name=\"rtcl-login\" class=\"btn btn-primary\" value=\"login\">\n\t\t\t\t\tLogin                <\/button>\n                <div class=\"form-check\">\n                    <input type=\"checkbox\" name=\"rememberme\" id=\"rtcl-rememberme\" value=\"forever\">\n                    <label class=\"form-check-label\" for=\"rtcl-rememberme\">\n\t\t\t\t\t\tRemember Me                    <\/label>\n                <\/div>\n            <\/div>\n            <div class=\"form-group\">\n                <p class=\"rtcl-forgot-password\">\n\t\t\t\t\t                    <a href=\"https:\/\/www.horse-realty.com\/en\/my-account\/reinitialiser-mot-de-passe\/\">Forgot your password?<\/a>\n                <\/p>\n            <\/div>\n\t\t\t<input type=\"hidden\" id=\"rtcl-login-nonce\" name=\"rtcl-login-nonce\" value=\"d4dbb92d5b\" \/><input type=\"hidden\" name=\"_wp_http_referer\" value=\"\/en\/wp-json\/wp\/v2\/pages\/1428\" \/><input type=\"hidden\" name=\"redirect_to\" value=\"https:\/\/www.horse-realty.com\/en\/wp-json\/wp\/v2\/pages\/1428\" \/>        <\/form>\n    <\/div>\n\t        <div class=\"col-md-6 rtcl-registration-form-wrap\">\n\n            <h2>Register<\/h2>\n\n            <form id=\"rtcl-register-form\" class=\"form-horizontal\" method=\"post\">\n\n\t\t\t\t        <div class=\"form-group row\">\n            <div class=\"col-md-6\">\n                <label for=\"rtcl-reg-first-name\" class=\"control-label\">\n\t\t\t\t\tFirst Name                    <strong class=\"rtcl-required\">*<\/strong>\n                <\/label>\n                <input type=\"text\" name=\"first_name\" id=\"rtcl-reg-first-name\"\n                       value=\"\"\n                       class=\"form-control\" required\/>\n            <\/div>\n            <div class=\"col-md-6\">\n                <label for=\"rtcl-reg-last-name\" class=\"control-label\">\n\t\t\t\t\tLast Name                    <strong class=\"rtcl-required\">*<\/strong>\n                <\/label>\n                <input type=\"text\" name=\"last_name\"\n                       value=\"\"\n                       id=\"rtcl-reg-last-name\" class=\"form-control\" required\/>\n            <\/div>\n        <\/div>\n\t\t        <div class=\"form-group phone-row\">\n\t\t\t            <label for=\"rtcl-reg-phone\" class=\"control-label phone-label\">\n\t\t\t\tPhone Number                <strong class=\"rtcl-required\">*<\/strong>\n            <\/label>\n            <input type=\"text\" name=\"phone\"\n                   value=\"\"\n                   id=\"rtcl-reg-phone\" class=\"form-control\" required\/>\n\t\t\t        <\/div>\n\t\t\n                <div class=\"form-group\">\n                    <label for=\"rtcl-reg-username\" class=\"control-label\">\n\t\t\t\t\t\tUsername                        <strong class=\"rtcl-required\">*<\/strong>\n                    <\/label>\n                    <input type=\"text\" name=\"username\"\n                           value=\"\"\n                           autocomplete=\"username\" id=\"rtcl-reg-username\" class=\"form-control\" required\/>\n                    <span class=\"help-block\">Username cannot be changed.<\/span>\n                <\/div>\n\n                <div class=\"form-group\">\n                    <label for=\"rtcl-reg-email\" class=\"control-label\">\n\t\t\t\t\t\tEmail address                        <strong class=\"rtcl-required\">*<\/strong>\n                    <\/label>\n                    <input type=\"email\" name=\"email\"\n                           value=\"\"\n                           autocomplete=\"email\" id=\"rtcl-reg-email\" class=\"form-control\" required\/>\n                <\/div>\n\n                <div class=\"form-group\">\n                    <label for=\"rtcl-reg-password\" class=\"control-label\">\n\t\t\t\t\t\tPassword                        <strong class=\"rtcl-required\">*<\/strong>\n                    <\/label>\n                    <input type=\"password\" name=\"password\" id=\"rtcl-reg-password\" autocomplete=\"new-password\"\n                           class=\"form-control rtcl-password\" required\/>\n                <\/div>\n\n\t\t\t\t\n\t\t<div class=\"form-group rtcl-privacy-policy-wrap\">\n\t\t\t<div class=\"form-check\">\n\t\t\t\t<input id=\"rtcl-privacy-policy\" name=\"rtcl_privacy_policy\" type=\"checkbox\" class=\"form-check-input\" required>\n\t\t\t\t<label class=\"form-check-label\" for=\"rtcl-privacy-policy\">\n\t\t\t\t\t<p>Vos donn\u00e9es personnelles seront utilis\u00e9es pour soutenir votre exp\u00e9rience sur ce site Web, pour g\u00e9rer l'acc\u00e8s \u00e0 votre compte et \u00e0 d'autres fins d\u00e9crites dans nos <a href=\"https:\/\/www.horse-realty.com\/rgpd\/\" class=\"rtcl-privacy-policy-link\" target=\"_blank\">privacy policy<\/a>.<\/p>\n\t\t\t\t<\/label>\n\t\t\t\t<div class=\"with-errors help-block\"\n\t\t\t\t\t data-error=\"This field is required\"><\/div>\n\t\t\t<\/div>\n\t\t<\/div>\n\t\t\n                <div class=\"form-group\">\n                    <div id=\"rtcl-registration-g-recaptcha\" class=\"mb-2\"><\/div>\n                    <div id=\"rtcl-registration-g-recaptcha-message\"><\/div>\n                    <input type=\"submit\" name=\"rtcl-register\" class=\"btn btn-primary\"\n                           value=\"Register\"\/>\n                <\/div>\n\t\t\t\t<input type=\"hidden\" id=\"rtcl-register-nonce\" name=\"rtcl-register-nonce\" value=\"b4d081556a\" \/><input type=\"hidden\" name=\"_wp_http_referer\" value=\"\/en\/wp-json\/wp\/v2\/pages\/1428\" \/><input type=\"hidden\" name=\"redirect_to\" value=\"https:\/\/www.horse-realty.com\/en\/wp-json\/wp\/v2\/pages\/1428\" \/>            <\/form>\n        <\/div>\n\t<\/div>\n<\/div>\n\n","protected":false},"excerpt":{"rendered":"","protected":false},"author":1,"featured_media":0,"parent":0,"menu_order":0,"comment_status":"closed","ping_status":"closed","template":"","meta":{"_rtcl_gb_attr":""},"yoast_head":"<!-- This site is optimized with the Yoast SEO plugin v19.11 - https:\/\/yoast.com\/wordpress\/plugins\/seo\/ -->\n<title>My account - Horse Realty<\/title>\n<meta name=\"robots\" content=\"index, follow, max-snippet:-1, max-image-preview:large, max-video-preview:-1\" \/>\n<link rel=\"canonical\" href=\"https:\/\/www.horse-realty.com\/en\/my-account\/\" \/>\n<meta property=\"og:locale\" content=\"en_US\" \/>\n<meta property=\"og:type\" content=\"article\" \/>\n<meta property=\"og:title\" content=\"My account - Horse Realty\" \/>\n<meta property=\"og:url\" content=\"https:\/\/www.horse-realty.com\/en\/my-account\/\" \/>\n<meta property=\"og:site_name\" content=\"Horse Realty\" \/>\n<meta name=\"twitter:card\" content=\"summary_large_image\" \/>\n<script type=\"application\/ld+json\" class=\"yoast-schema-graph\">{\"@context\":\"https:\/\/schema.org\",\"@graph\":[{\"@type\":\"WebPage\",\"@id\":\"https:\/\/www.horse-realty.com\/en\/my-account\/\",\"url\":\"https:\/\/www.horse-realty.com\/en\/my-account\/\",\"name\":\"My account - Horse Realty\",\"isPartOf\":{\"@id\":\"https:\/\/www.horse-realty.com\/#website\"},\"datePublished\":\"2022-10-20T06:35:02+00:00\",\"dateModified\":\"2022-10-20T06:35:02+00:00\",\"breadcrumb\":{\"@id\":\"https:\/\/www.horse-realty.com\/en\/my-account\/#breadcrumb\"},\"inLanguage\":\"en-US\",\"potentialAction\":[{\"@type\":\"ReadAction\",\"target\":[\"https:\/\/www.horse-realty.com\/en\/my-account\/\"]}]},{\"@type\":\"BreadcrumbList\",\"@id\":\"https:\/\/www.horse-realty.com\/en\/my-account\/#breadcrumb\",\"itemListElement\":[{\"@type\":\"ListItem\",\"position\":1,\"name\":\"Accueil\",\"item\":\"https:\/\/www.horse-realty.com\/accueil\/\"},{\"@type\":\"ListItem\",\"position\":2,\"name\":\"My account\"}]},{\"@type\":\"WebSite\",\"@id\":\"https:\/\/www.horse-realty.com\/#website\",\"url\":\"https:\/\/www.horse-realty.com\/\",\"name\":\"Horse Realty\",\"description\":\"Annonces propri\u00e9t\u00e9s \u00e9questres\",\"potentialAction\":[{\"@type\":\"SearchAction\",\"target\":{\"@type\":\"EntryPoint\",\"urlTemplate\":\"https:\/\/www.horse-realty.com\/?s={search_term_string}\"},\"query-input\":\"required name=search_term_string\"}],\"inLanguage\":\"en-US\"}]}<\/script>\n<!-- \/ Yoast SEO plugin. -->","yoast_head_json":{"title":"My account - Horse Realty","robots":{"index":"index","follow":"follow","max-snippet":"max-snippet:-1","max-image-preview":"max-image-preview:large","max-video-preview":"max-video-preview:-1"},"canonical":"https:\/\/www.horse-realty.com\/en\/my-account\/","og_locale":"en_US","og_type":"article","og_title":"My account - Horse Realty","og_url":"https:\/\/www.horse-realty.com\/en\/my-account\/","og_site_name":"Horse Realty","twitter_card":"summary_large_image","schema":{"@context":"https:\/\/schema.org","@graph":[{"@type":"WebPage","@id":"https:\/\/www.horse-realty.com\/en\/my-account\/","url":"https:\/\/www.horse-realty.com\/en\/my-account\/","name":"My account - Horse Realty","isPartOf":{"@id":"https:\/\/www.horse-realty.com\/#website"},"datePublished":"2022-10-20T06:35:02+00:00","dateModified":"2022-10-20T06:35:02+00:00","breadcrumb":{"@id":"https:\/\/www.horse-realty.com\/en\/my-account\/#breadcrumb"},"inLanguage":"en-US","potentialAction":[{"@type":"ReadAction","target":["https:\/\/www.horse-realty.com\/en\/my-account\/"]}]},{"@type":"BreadcrumbList","@id":"https:\/\/www.horse-realty.com\/en\/my-account\/#breadcrumb","itemListElement":[{"@type":"ListItem","position":1,"name":"Accueil","item":"https:\/\/www.horse-realty.com\/accueil\/"},{"@type":"ListItem","position":2,"name":"My account"}]},{"@type":"WebSite","@id":"https:\/\/www.horse-realty.com\/#website","url":"https:\/\/www.horse-realty.com\/","name":"Horse Realty","description":"Annonces propri\u00e9t\u00e9s \u00e9questres","potentialAction":[{"@type":"SearchAction","target":{"@type":"EntryPoint","urlTemplate":"https:\/\/www.horse-realty.com\/?s={search_term_string}"},"query-input":"required name=search_term_string"}],"inLanguage":"en-US"}]}},"_links":{"self":[{"href":"https:\/\/www.horse-realty.com\/en\/wp-json\/wp\/v2\/pages\/1428"}],"collection":[{"href":"https:\/\/www.horse-realty.com\/en\/wp-json\/wp\/v2\/pages"}],"about":[{"href":"https:\/\/www.horse-realty.com\/en\/wp-json\/wp\/v2\/types\/page"}],"author":[{"embeddable":true,"href":"https:\/\/www.horse-realty.com\/en\/wp-json\/wp\/v2\/users\/1"}],"replies":[{"embeddable":true,"href":"https:\/\/www.horse-realty.com\/en\/wp-json\/wp\/v2\/comments?post=1428"}],"version-history":[{"count":0,"href":"https:\/\/www.horse-realty.com\/en\/wp-json\/wp\/v2\/pages\/1428\/revisions"}],"wp:attachment":[{"href":"https:\/\/www.horse-realty.com\/en\/wp-json\/wp\/v2\/media?parent=1428"}],"curies":[{"name":"wp","href":"https:\/\/api.w.org\/{rel}","templated":true}]}}