{"id":1430,"date":"2022-11-17T08:28:18","date_gmt":"2022-11-17T07:28:18","guid":{"rendered":"https:\/\/www.horse-realty.com\/about-us\/"},"modified":"2022-12-07T16:18:07","modified_gmt":"2022-12-07T15:18:07","slug":"about-us","status":"publish","type":"page","link":"https:\/\/www.horse-realty.com\/en\/about-us\/","title":{"rendered":"About us"},"content":{"rendered":"<div  style='padding-bottom:10px; ' class='av-special-heading av-special-heading-h1  blockquote modern-quote  avia-builder-el-0  el_before_av_one_full  avia-builder-el-first  '><h1 class='av-special-heading-tag '  itemprop=\"headline\"  >About us<\/h1><div class='special-heading-border'><div class='special-heading-inner-border' ><\/div><\/div><\/div>\n<div class=\"flex_column av_one_full  flex_column_div av-zero-column-padding first  avia-builder-el-1  el_after_av_heading  avia-builder-el-last  \" style='border-radius:0px; '><section class=\"av_textblock_section \"  itemscope=\"itemscope\" itemtype=\"https:\/\/schema.org\/CreativeWork\" ><div class='avia_textblock  '   itemprop=\"text\" ><p>Horse-realty.com was originally founded by Philippe Talamona, a CNEE certified expert, sport horse broker and real estate agent. Upon his death, his wife wished to continue the activity in the same spirit, namely a platform specialized in equestrian real estate, which gathers all the real estate ads related to this universe.<\/p>\n<p>Horse-realty.com is a <strong>tool to help in the sale of equestrian real estate<\/strong> it is a showcase bringing together professionals and equestrian enthusiasts, in search of equestrian structures and facilities.<\/p>\n<\/div><\/section><\/div>\n\n","protected":false},"excerpt":{"rendered":"","protected":false},"author":1,"featured_media":0,"parent":0,"menu_order":0,"comment_status":"closed","ping_status":"closed","template":"","meta":{"_rtcl_gb_attr":""},"yoast_head":"<!-- This site is optimized with the Yoast SEO plugin v19.11 - https:\/\/yoast.com\/wordpress\/plugins\/seo\/ -->\n<title>About us - Horse Realty<\/title>\n<meta name=\"robots\" content=\"index, follow, max-snippet:-1, max-image-preview:large, max-video-preview:-1\" \/>\n<link rel=\"canonical\" href=\"https:\/\/www.horse-realty.com\/en\/about-us\/\" \/>\n<meta property=\"og:locale\" content=\"en_US\" \/>\n<meta property=\"og:type\" content=\"article\" \/>\n<meta property=\"og:title\" content=\"About us - Horse Realty\" \/>\n<meta property=\"og:url\" content=\"https:\/\/www.horse-realty.com\/en\/about-us\/\" \/>\n<meta property=\"og:site_name\" content=\"Horse Realty\" \/>\n<meta property=\"article:modified_time\" content=\"2022-12-07T15:18:07+00:00\" \/>\n<meta name=\"twitter:card\" content=\"summary_large_image\" \/>\n<meta name=\"twitter:label1\" content=\"Est. reading time\" \/>\n\t<meta name=\"twitter:data1\" content=\"2 minutes\" \/>\n<script type=\"application\/ld+json\" class=\"yoast-schema-graph\">{\"@context\":\"https:\/\/schema.org\",\"@graph\":[{\"@type\":\"WebPage\",\"@id\":\"https:\/\/www.horse-realty.com\/en\/about-us\/\",\"url\":\"https:\/\/www.horse-realty.com\/en\/about-us\/\",\"name\":\"About us - Horse Realty\",\"isPartOf\":{\"@id\":\"https:\/\/www.horse-realty.com\/#website\"},\"datePublished\":\"2022-11-17T07:28:18+00:00\",\"dateModified\":\"2022-12-07T15:18:07+00:00\",\"breadcrumb\":{\"@id\":\"https:\/\/www.horse-realty.com\/en\/about-us\/#breadcrumb\"},\"inLanguage\":\"en-US\",\"potentialAction\":[{\"@type\":\"ReadAction\",\"target\":[\"https:\/\/www.horse-realty.com\/en\/about-us\/\"]}]},{\"@type\":\"BreadcrumbList\",\"@id\":\"https:\/\/www.horse-realty.com\/en\/about-us\/#breadcrumb\",\"itemListElement\":[{\"@type\":\"ListItem\",\"position\":1,\"name\":\"Accueil\",\"item\":\"https:\/\/www.horse-realty.com\/accueil\/\"},{\"@type\":\"ListItem\",\"position\":2,\"name\":\"About us\"}]},{\"@type\":\"WebSite\",\"@id\":\"https:\/\/www.horse-realty.com\/#website\",\"url\":\"https:\/\/www.horse-realty.com\/\",\"name\":\"Horse Realty\",\"description\":\"Annonces propri\u00e9t\u00e9s \u00e9questres\",\"potentialAction\":[{\"@type\":\"SearchAction\",\"target\":{\"@type\":\"EntryPoint\",\"urlTemplate\":\"https:\/\/www.horse-realty.com\/?s={search_term_string}\"},\"query-input\":\"required name=search_term_string\"}],\"inLanguage\":\"en-US\"}]}<\/script>\n<!-- \/ Yoast SEO plugin. -->","yoast_head_json":{"title":"About us - Horse Realty","robots":{"index":"index","follow":"follow","max-snippet":"max-snippet:-1","max-image-preview":"max-image-preview:large","max-video-preview":"max-video-preview:-1"},"canonical":"https:\/\/www.horse-realty.com\/en\/about-us\/","og_locale":"en_US","og_type":"article","og_title":"About us - Horse Realty","og_url":"https:\/\/www.horse-realty.com\/en\/about-us\/","og_site_name":"Horse Realty","article_modified_time":"2022-12-07T15:18:07+00:00","twitter_card":"summary_large_image","twitter_misc":{"Est. reading time":"2 minutes"},"schema":{"@context":"https:\/\/schema.org","@graph":[{"@type":"WebPage","@id":"https:\/\/www.horse-realty.com\/en\/about-us\/","url":"https:\/\/www.horse-realty.com\/en\/about-us\/","name":"About us - Horse Realty","isPartOf":{"@id":"https:\/\/www.horse-realty.com\/#website"},"datePublished":"2022-11-17T07:28:18+00:00","dateModified":"2022-12-07T15:18:07+00:00","breadcrumb":{"@id":"https:\/\/www.horse-realty.com\/en\/about-us\/#breadcrumb"},"inLanguage":"en-US","potentialAction":[{"@type":"ReadAction","target":["https:\/\/www.horse-realty.com\/en\/about-us\/"]}]},{"@type":"BreadcrumbList","@id":"https:\/\/www.horse-realty.com\/en\/about-us\/#breadcrumb","itemListElement":[{"@type":"ListItem","position":1,"name":"Accueil","item":"https:\/\/www.horse-realty.com\/accueil\/"},{"@type":"ListItem","position":2,"name":"About us"}]},{"@type":"WebSite","@id":"https:\/\/www.horse-realty.com\/#website","url":"https:\/\/www.horse-realty.com\/","name":"Horse Realty","description":"Annonces propri\u00e9t\u00e9s \u00e9questres","potentialAction":[{"@type":"SearchAction","target":{"@type":"EntryPoint","urlTemplate":"https:\/\/www.horse-realty.com\/?s={search_term_string}"},"query-input":"required name=search_term_string"}],"inLanguage":"en-US"}]}},"_links":{"self":[{"href":"https:\/\/www.horse-realty.com\/en\/wp-json\/wp\/v2\/pages\/1430"}],"collection":[{"href":"https:\/\/www.horse-realty.com\/en\/wp-json\/wp\/v2\/pages"}],"about":[{"href":"https:\/\/www.horse-realty.com\/en\/wp-json\/wp\/v2\/types\/page"}],"author":[{"embeddable":true,"href":"https:\/\/www.horse-realty.com\/en\/wp-json\/wp\/v2\/users\/1"}],"replies":[{"embeddable":true,"href":"https:\/\/www.horse-realty.com\/en\/wp-json\/wp\/v2\/comments?post=1430"}],"version-history":[{"count":0,"href":"https:\/\/www.horse-realty.com\/en\/wp-json\/wp\/v2\/pages\/1430\/revisions"}],"wp:attachment":[{"href":"https:\/\/www.horse-realty.com\/en\/wp-json\/wp\/v2\/media?parent=1430"}],"curies":[{"name":"wp","href":"https:\/\/api.w.org\/{rel}","templated":true}]}}