{"id":1890,"date":"2022-11-25T12:25:54","date_gmt":"2022-11-25T11:25:54","guid":{"rendered":"https:\/\/www.horse-realty.com\/our-offers\/"},"modified":"2022-12-06T08:25:57","modified_gmt":"2022-12-06T07:25:57","slug":"our-offers","status":"publish","type":"page","link":"https:\/\/www.horse-realty.com\/en\/our-offers\/","title":{"rendered":"Our offers"},"content":{"rendered":"<div  style='padding-bottom:10px; ' class='av-special-heading av-special-heading-h1  blockquote modern-quote  avia-builder-el-0  avia-builder-el-no-sibling  '><h1 class='av-special-heading-tag '  itemprop=\"headline\"  >Our offers<\/h1><div class='special-heading-border'><div class='special-heading-inner-border' ><\/div><\/div><\/div>\n\n","protected":false},"excerpt":{"rendered":"","protected":false},"author":1,"featured_media":0,"parent":0,"menu_order":0,"comment_status":"closed","ping_status":"closed","template":"","meta":{"_rtcl_gb_attr":""},"yoast_head":"<!-- This site is optimized with the Yoast SEO plugin v19.11 - https:\/\/yoast.com\/wordpress\/plugins\/seo\/ -->\n<title>Our offers - Horse Realty<\/title>\n<meta name=\"robots\" content=\"index, follow, max-snippet:-1, max-image-preview:large, max-video-preview:-1\" \/>\n<link rel=\"canonical\" href=\"https:\/\/www.horse-realty.com\/en\/our-offers\/\" \/>\n<meta property=\"og:locale\" content=\"en_US\" \/>\n<meta property=\"og:type\" content=\"article\" \/>\n<meta property=\"og:title\" content=\"Our offers - Horse Realty\" \/>\n<meta property=\"og:url\" content=\"https:\/\/www.horse-realty.com\/en\/our-offers\/\" \/>\n<meta property=\"og:site_name\" content=\"Horse Realty\" \/>\n<meta property=\"article:modified_time\" content=\"2022-12-06T07:25:57+00:00\" \/>\n<meta name=\"twitter:card\" content=\"summary_large_image\" \/>\n<script type=\"application\/ld+json\" class=\"yoast-schema-graph\">{\"@context\":\"https:\/\/schema.org\",\"@graph\":[{\"@type\":\"WebPage\",\"@id\":\"https:\/\/www.horse-realty.com\/en\/our-offers\/\",\"url\":\"https:\/\/www.horse-realty.com\/en\/our-offers\/\",\"name\":\"Our offers - Horse Realty\",\"isPartOf\":{\"@id\":\"https:\/\/www.horse-realty.com\/#website\"},\"datePublished\":\"2022-11-25T11:25:54+00:00\",\"dateModified\":\"2022-12-06T07:25:57+00:00\",\"breadcrumb\":{\"@id\":\"https:\/\/www.horse-realty.com\/en\/our-offers\/#breadcrumb\"},\"inLanguage\":\"en-US\",\"potentialAction\":[{\"@type\":\"ReadAction\",\"target\":[\"https:\/\/www.horse-realty.com\/en\/our-offers\/\"]}]},{\"@type\":\"BreadcrumbList\",\"@id\":\"https:\/\/www.horse-realty.com\/en\/our-offers\/#breadcrumb\",\"itemListElement\":[{\"@type\":\"ListItem\",\"position\":1,\"name\":\"Accueil\",\"item\":\"https:\/\/www.horse-realty.com\/accueil\/\"},{\"@type\":\"ListItem\",\"position\":2,\"name\":\"Our offers\"}]},{\"@type\":\"WebSite\",\"@id\":\"https:\/\/www.horse-realty.com\/#website\",\"url\":\"https:\/\/www.horse-realty.com\/\",\"name\":\"Horse Realty\",\"description\":\"Annonces propri\u00e9t\u00e9s \u00e9questres\",\"potentialAction\":[{\"@type\":\"SearchAction\",\"target\":{\"@type\":\"EntryPoint\",\"urlTemplate\":\"https:\/\/www.horse-realty.com\/?s={search_term_string}\"},\"query-input\":\"required name=search_term_string\"}],\"inLanguage\":\"en-US\"}]}<\/script>\n<!-- \/ Yoast SEO plugin. -->","yoast_head_json":{"title":"Our offers - Horse Realty","robots":{"index":"index","follow":"follow","max-snippet":"max-snippet:-1","max-image-preview":"max-image-preview:large","max-video-preview":"max-video-preview:-1"},"canonical":"https:\/\/www.horse-realty.com\/en\/our-offers\/","og_locale":"en_US","og_type":"article","og_title":"Our offers - Horse Realty","og_url":"https:\/\/www.horse-realty.com\/en\/our-offers\/","og_site_name":"Horse Realty","article_modified_time":"2022-12-06T07:25:57+00:00","twitter_card":"summary_large_image","schema":{"@context":"https:\/\/schema.org","@graph":[{"@type":"WebPage","@id":"https:\/\/www.horse-realty.com\/en\/our-offers\/","url":"https:\/\/www.horse-realty.com\/en\/our-offers\/","name":"Our offers - Horse Realty","isPartOf":{"@id":"https:\/\/www.horse-realty.com\/#website"},"datePublished":"2022-11-25T11:25:54+00:00","dateModified":"2022-12-06T07:25:57+00:00","breadcrumb":{"@id":"https:\/\/www.horse-realty.com\/en\/our-offers\/#breadcrumb"},"inLanguage":"en-US","potentialAction":[{"@type":"ReadAction","target":["https:\/\/www.horse-realty.com\/en\/our-offers\/"]}]},{"@type":"BreadcrumbList","@id":"https:\/\/www.horse-realty.com\/en\/our-offers\/#breadcrumb","itemListElement":[{"@type":"ListItem","position":1,"name":"Accueil","item":"https:\/\/www.horse-realty.com\/accueil\/"},{"@type":"ListItem","position":2,"name":"Our offers"}]},{"@type":"WebSite","@id":"https:\/\/www.horse-realty.com\/#website","url":"https:\/\/www.horse-realty.com\/","name":"Horse Realty","description":"Annonces propri\u00e9t\u00e9s \u00e9questres","potentialAction":[{"@type":"SearchAction","target":{"@type":"EntryPoint","urlTemplate":"https:\/\/www.horse-realty.com\/?s={search_term_string}"},"query-input":"required name=search_term_string"}],"inLanguage":"en-US"}]}},"_links":{"self":[{"href":"https:\/\/www.horse-realty.com\/en\/wp-json\/wp\/v2\/pages\/1890"}],"collection":[{"href":"https:\/\/www.horse-realty.com\/en\/wp-json\/wp\/v2\/pages"}],"about":[{"href":"https:\/\/www.horse-realty.com\/en\/wp-json\/wp\/v2\/types\/page"}],"author":[{"embeddable":true,"href":"https:\/\/www.horse-realty.com\/en\/wp-json\/wp\/v2\/users\/1"}],"replies":[{"embeddable":true,"href":"https:\/\/www.horse-realty.com\/en\/wp-json\/wp\/v2\/comments?post=1890"}],"version-history":[{"count":0,"href":"https:\/\/www.horse-realty.com\/en\/wp-json\/wp\/v2\/pages\/1890\/revisions"}],"wp:attachment":[{"href":"https:\/\/www.horse-realty.com\/en\/wp-json\/wp\/v2\/media?parent=1890"}],"curies":[{"name":"wp","href":"https:\/\/api.w.org\/{rel}","templated":true}]}}